{"id":1813,"date":"2026-03-25T18:46:55","date_gmt":"2026-03-25T18:46:55","guid":{"rendered":"https:\/\/safetyfilms.pe\/our-staff\/"},"modified":"2026-03-31T01:00:03","modified_gmt":"2026-03-31T01:00:03","slug":"nuestros-trabajos","status":"publish","type":"page","link":"https:\/\/safetyfilms.pe\/?page_id=1813","title":{"rendered":"Nuestros Trabajos"},"content":{"rendered":"<div data-spectra-id=\"4406715f\"\tstyle=\"overflow: hidden; --spectra-background-color-hover: var(--ast-global-color-8); --spectra-background-color: var(--ast-global-color-8); --spectra-overlay-opacity: 1; --spectra-box-shadow: 0px 0px 0px 0px #ffffff00;\" class=\"spectra-is-root-container alignfull spectra-overlay-color spectra-overflow spectra-background-color-hover spectra-background-color spectra-dim-ratio spectra-box-shadow wp-block-spectra-container\" data-orientation=\"vertical\"\t>\n\t\n<div data-spectra-id=\"spectra-mjiinh8h-yenezb\" style=\"overflow: visible;--spectra-background-color-hover: var(--ast-global-color-8);--spectra-background-color: var(--ast-global-color-8)\" class=\"spectra-overlay-color spectra-overflow spectra-background-color-hover spectra-background-color wp-block-spectra-container\" data-orientation=\"vertical\">\n\t\n<div data-spectra-id=\"spectra-mjiiogq9-gche8t\" style=\"overflow: visible;--spectra-background-color-hover: var(--ast-global-color-8);--spectra-background-color: var(--ast-global-color-8);--spectra-overlay-opacity: 0.8;--spectra-z-index: 582\" class=\"spectra-overlay-color spectra-overflow spectra-background-color-hover spectra-background-color spectra-dim-ratio wp-block-spectra-container has-z-index\" data-orientation=\"vertical\">\n\t\n\t<h2 data-spectra-id=\"spectra-9b654560-title\" style=\"--spectra-text-color: ast-global-color-5;--spectra-text-color-hover: var(--ast-global-color-5)\" class=\"has-text-color has-link-color spectra-text-color spectra-text-color-hover  wp-elements-dd541fcd0a63d06c2f04c34e7fb2535e wp-block-spectra-content has-text-color has-ast-global-color-5-color\">\n\t\talgunos de nuestros trabajos en nuestro taller automotriz\t<\/h2>\n\n\n<div data-spectra-id=\"spectra-9b654560-separator\" style=\"display: flex;justify-content: flex-start\" class=\"wp-block-spectra-separator spectra-separator-color wp-block-spectra-separator\">\n\t<div class=\"spectra-separator-line\" style=\"margin-right: auto;background-color: var(--ast-global-color-1)\"><\/div>\n<\/div>\n\n\n\t<p data-spectra-id=\"spectra-9b654560-desc\" style=\"--spectra-text-color: ast-global-color-5\" class=\"has-text-color has-link-color spectra-text-color  wp-elements-62f4477671de9ed37459e689c9c523d8 wp-block-spectra-content has-text-color has-ast-global-color-5-color\">\n\t\tMira algunos de nuestros trabajos reales en planchado y pintura y otros servicios en nuestro taller en Lima. Cada proyecto refleja nuestro compromiso con la calidad y el detalle que merecen nuestros clientes\t<\/p>\n\n<\/div>\n\n\n<div data-spectra-id=\"spectra-mjij05l1-d8egmo\" style=\"overflow: visible;--spectra-background-color-hover: var(--ast-global-color-8);--spectra-background-color: var(--ast-global-color-8);--spectra-overlay-opacity: 1\" class=\"spectra-overlay-color spectra-overflow spectra-background-color-hover spectra-background-color spectra-dim-ratio wp-block-spectra-container\" data-orientation=\"vertical\">\n\t\n<div data-spectra-id=\"spectra-mjij1bkr-gr6cmu\" style=\"overflow: visible\" class=\"spectra-overlay-color spectra-overflow wp-block-spectra-container\" data-orientation=\"vertical\">\n\t\n\n<figure class=\"wp-block-video\"><video height=\"1280\" style=\"aspect-ratio: 720 \/ 1280\" width=\"720\" autoplay controls muted src=\"https:\/\/safetyfilms.pe\/wp-content\/uploads\/2026\/03\/FDownloader.Net_AQN2Kr11g7kCoPbMxE58TVEAqVHmbvVx9za1bYC-YuiPc4DgyZp2yj_AX_AMP-dtdJ37XZLbO5-P00z7huETh6md4dR03LpBO1fgRC4RuQO_WQ_720p_HD-1.mp4\"><\/video><\/figure>\n\n<\/div>\n\n\n<div data-spectra-id=\"spectra-mjij1bkz-xtvb1w\" style=\"overflow: visible\" class=\"spectra-overlay-color spectra-overflow wp-block-spectra-container\" data-orientation=\"vertical\">\n\t\n\n<div class=\"wp-block-group is-nowrap is-layout-flex wp-container-core-group-is-layout-6c531013 wp-block-group-is-layout-flex\">\n<figure class=\"wp-block-video\"><video height=\"640\" style=\"aspect-ratio: 360 \/ 640\" width=\"360\" autoplay controls muted src=\"https:\/\/safetyfilms.pe\/wp-content\/uploads\/2026\/03\/FDownloader.Net_AQO5aGR96F_LfLgZsAFqGY2DtPWxXWUdCDQo1TqD9p2_mQ3MgYLfyXtLNff1emVor6bjiAZVk-M1hYDRk2RCx10R_360p_SD.mp4\"><\/video><\/figure>\n<\/div>\n\n<\/div>\n\n\n\n<figure class=\"wp-block-video\"><video height=\"1280\" style=\"aspect-ratio: 720 \/ 1280\" width=\"720\" autoplay controls muted src=\"https:\/\/safetyfilms.pe\/wp-content\/uploads\/2026\/03\/FDownloader.Net_AQNRwFL5aDC4YpvXoMaCR6M5G_6lU1vFyiGtth5zxS-rXkBn7N__Djoxap8F7LDb66wWuURG1F36Qdn3Hy2SScewSEyM8uNa38kBTqp94ttfMg_720p_HD-1.mp4\"><\/video><\/figure>\n\n\n\n<figure class=\"wp-block-video\"><video height=\"1280\" style=\"aspect-ratio: 720 \/ 1280\" width=\"720\" autoplay controls muted src=\"https:\/\/safetyfilms.pe\/wp-content\/uploads\/2026\/03\/FDownloader.Net_AQMV22-jL7sjLC4P8Mbm3B3PJ0j5kU_V5KWeWgxQ32nh71v8yMndbnsH5kDYWNTxOzHPJt7B8fVMCy76gp30k0ShGFPks4g05JEGWoeEDwaLdA_720p_HD-1-3.mp4\"><\/video><\/figure>\n\n<\/div>\n\n\n<div data-spectra-id=\"spectra-ec589812-638d-4ea9-aa1b-c23f4fb5e80e\" style=\"overflow: visible\" class=\"spectra-overlay-color spectra-overflow wp-block-spectra-container\" data-orientation=\"vertical\">\n\t\n<div data-spectra-id=\"spectra-afbf84e8-068d-44aa-b865-589226cbd492\" style=\"overflow: visible\" class=\"spectra-overlay-color spectra-overflow wp-block-spectra-container\" data-orientation=\"vertical\">\n\t\n\n<figure class=\"wp-block-video\"><video height=\"1280\" style=\"aspect-ratio: 720 \/ 1280\" width=\"720\" autoplay controls muted src=\"https:\/\/safetyfilms.pe\/wp-content\/uploads\/2026\/03\/FDownloader.Net_AQN7gZj-Tjw0cOaIZvnvIyvgyGzicSy0znNtSy234esE75997WT-zhLp5LhvuHBdqTF8Kt_Rw-lWnlc87y2lPGXr1RLoxtLH5L6ZpRCDHskcoA_720p_HD.mp4\"><\/video><\/figure>\n\n<\/div>\n\n\n\n<figure class=\"wp-block-video\"><video height=\"1280\" style=\"aspect-ratio: 720 \/ 1280\" width=\"720\" autoplay controls muted src=\"https:\/\/safetyfilms.pe\/wp-content\/uploads\/2026\/03\/FDownloader.Net_AQNsrqwzEkJ-QDoRtjHBR_NjBkg-S3HweD-fEAekQ3Xa2irAdoqlPqMLfRQUX_KFaGSTP81391zzhARKy-Oru5q9wGOlpSzD8v7LzC7CaLUreg_720p_HD.mp4\"><\/video><\/figure>\n\n\n<div data-spectra-id=\"spectra-4dff960d-dc57-4020-bdf8-063aa4ed5378\" style=\"overflow: visible\" class=\"spectra-overlay-color spectra-overflow wp-block-spectra-container\" data-orientation=\"vertical\">\n\t\n\n<figure class=\"wp-block-video\"><video height=\"1280\" style=\"aspect-ratio: 720 \/ 1280\" width=\"720\" autoplay controls muted src=\"https:\/\/safetyfilms.pe\/wp-content\/uploads\/2026\/03\/FDownloader.Net_AQPg3EjrkEhr7RFxmJaEtVmUSBCOwY1H7EWZD0us1APhdVW5M46neBUbKyuYbWWLWutjf5BP4I9cAVNPMdRNl2GAZJBx51dGB1-eW_CzqdhehA_720p_HD.mp4\"><\/video><\/figure>\n\n<\/div>\n\n\n\n<figure class=\"wp-block-video\"><video height=\"640\" style=\"aspect-ratio: 360 \/ 640\" width=\"360\" autoplay controls muted src=\"https:\/\/safetyfilms.pe\/wp-content\/uploads\/2026\/03\/FDownloader.Net_AQOgLDbACjOuBrtRUSpcrd9wyskj7ST_Lc3BGKWH6rgP5QYw_3idvOGJ-DK3Xd70fBGd9n2gKthtHX1v790JGfnA_360p_SD.mp4\"><\/video><\/figure>\n\n<\/div>\n\n<\/div>\n\n<\/div>\n\n\n<div data-spectra-id=\"spectra-mndstt8p-kao92u\"\n\tclass=\"wp-block-spectra-tabs\"\tdata-wp-interactive=\"spectra\/tabs\"\n\tdata-wp-context='spectra\/tabs::{\"activeTab\":0,\"blockId\":\"spectra-tabs-1\"}'>\n\t\n<div data-spectra-id=\"spectra-mndstwyt-kqt263\" class=\"wp-block-spectra-tabs-child-tabpanel\" data-wp-context='spectra\/tabs::{\"currentTab\":0,\"isActive\":true}' role=\"tabpanel\" tabindex=\"0\" data-wp-init=\"spectra\/tabs::callbacks.initializeTabs\" data-wp-watch=\"spectra\/tabs::callbacks.isActiveTab\" data-wp-bind--id=\"spectra\/tabs::context.tabPanelId\" data-wp-bind--aria-labelledby=\"spectra\/tabs::context.tabId\" data-wp-bind--hidden=\"spectra\/tabs::!context.isActive\" data-wp-class--spectra-block-is-hidden=\"spectra\/tabs::!context.isActive\">\n\t\n\n<h2 class=\"wp-block-heading has-text-align-center\">\u00bfListo para dejar tu veh\u00edculo como nuevo?<\/h2>\n\n<\/div>\n\n\n<div hidden data-spectra-id=\"spectra-mndstwz3-by1szk\" class=\"wp-block-spectra-tabs-child-tabpanel spectra-block-is-hidden\" data-wp-context='spectra\/tabs::{\"currentTab\":1,\"isActive\":false}' role=\"tabpanel\" tabindex=\"0\" data-wp-init=\"spectra\/tabs::callbacks.initializeTabs\" data-wp-watch=\"spectra\/tabs::callbacks.isActiveTab\" data-wp-bind--id=\"spectra\/tabs::context.tabPanelId\" data-wp-bind--aria-labelledby=\"spectra\/tabs::context.tabId\" data-wp-bind--hidden=\"spectra\/tabs::!context.isActive\" data-wp-class--spectra-block-is-hidden=\"spectra\/tabs::!context.isActive\">\n\t<\/div>\n\n\n<div hidden data-spectra-id=\"spectra-mndstwze-orz9va\" class=\"wp-block-spectra-tabs-child-tabpanel spectra-block-is-hidden\" data-wp-context='spectra\/tabs::{\"currentTab\":2,\"isActive\":false}' role=\"tabpanel\" tabindex=\"0\" data-wp-init=\"spectra\/tabs::callbacks.initializeTabs\" data-wp-watch=\"spectra\/tabs::callbacks.isActiveTab\" data-wp-bind--id=\"spectra\/tabs::context.tabPanelId\" data-wp-bind--aria-labelledby=\"spectra\/tabs::context.tabId\" data-wp-bind--hidden=\"spectra\/tabs::!context.isActive\" data-wp-class--spectra-block-is-hidden=\"spectra\/tabs::!context.isActive\">\n\t<\/div>\n\n<\/div>\n\n\n\n<h4 class=\"wp-block-heading alignwide has-text-align-center\">Si buscas un taller automotriz en Lima que trabaje con calidad, rapidez y garant\u00eda, est\u00e1s en el lugar correcto.<br>Hemos ayudado a muchos clientes a recuperar el estado de sus veh\u00edculos con resultados reales como los que acabas de ver.<\/h4>\n\n\n\n<p><\/p>\n","protected":false},"excerpt":{"rendered":"<p>Si buscas un taller automotriz en Lima que trabaje con calidad, rapidez y garant\u00eda, est\u00e1s en el lugar correcto.Hemos ayudado a muchos clientes a recuperar el estado de sus veh\u00edculos con resultados reales como los que acabas de ver.<\/p>\n","protected":false},"author":1,"featured_media":0,"parent":0,"menu_order":0,"comment_status":"closed","ping_status":"closed","template":"","meta":{"_uag_custom_page_level_css":"","site-sidebar-layout":"default","site-content-layout":"page-builder","ast-site-content-layout":"full-width-container","site-content-style":"boxed","site-sidebar-style":"unboxed","ast-global-header-display":"","ast-banner-title-visibility":"","ast-main-header-display":"","ast-hfb-above-header-display":"","ast-hfb-below-header-display":"","ast-hfb-mobile-header-display":"","site-post-title":"disabled","ast-breadcrumbs-content":"","ast-featured-img":"","footer-sml-layout":"disabled","ast-disable-related-posts":"","theme-transparent-header-meta":"enabled","adv-header-id-meta":"","stick-header-meta":"","header-above-stick-meta":"","header-main-stick-meta":"","header-below-stick-meta":"","astra-migrate-meta-layouts":"set","ast-page-background-enabled":"default","ast-page-background-meta":{"desktop":{"background-color":"","background-image":"","background-repeat":"repeat","background-position":"center center","background-size":"auto","background-attachment":"scroll","background-type":"","background-media":"","overlay-type":"","overlay-color":"","overlay-opacity":"","overlay-gradient":""},"tablet":{"background-color":"","background-image":"","background-repeat":"repeat","background-position":"center center","background-size":"auto","background-attachment":"scroll","background-type":"","background-media":"","overlay-type":"","overlay-color":"","overlay-opacity":"","overlay-gradient":""},"mobile":{"background-color":"","background-image":"","background-repeat":"repeat","background-position":"center center","background-size":"auto","background-attachment":"scroll","background-type":"","background-media":"","overlay-type":"","overlay-color":"","overlay-opacity":"","overlay-gradient":""}},"ast-content-background-meta":{"desktop":{"background-color":"var(--ast-global-color-5)","background-image":"","background-repeat":"repeat","background-position":"center center","background-size":"auto","background-attachment":"scroll","background-type":"","background-media":"","overlay-type":"","overlay-color":"","overlay-opacity":"","overlay-gradient":""},"tablet":{"background-color":"var(--ast-global-color-5)","background-image":"","background-repeat":"repeat","background-position":"center center","background-size":"auto","background-attachment":"scroll","background-type":"","background-media":"","overlay-type":"","overlay-color":"","overlay-opacity":"","overlay-gradient":""},"mobile":{"background-color":"var(--ast-global-color-5)","background-image":"","background-repeat":"repeat","background-position":"center center","background-size":"auto","background-attachment":"scroll","background-type":"","background-media":"","overlay-type":"","overlay-color":"","overlay-opacity":"","overlay-gradient":""}},"footnotes":""},"class_list":["post-1813","page","type-page","status-publish","hentry"],"yoast_head":"<!-- This site is optimized with the Yoast SEO plugin v27.3 - https:\/\/yoast.com\/product\/yoast-seo-wordpress\/ -->\n<title>Nuestros Trabajos - safetyfilms.pe<\/title>\n<meta name=\"robots\" content=\"index, follow, max-snippet:-1, max-image-preview:large, max-video-preview:-1\" \/>\n<link rel=\"canonical\" href=\"https:\/\/safetyfilms.pe\/?page_id=1813\" \/>\n<meta property=\"og:locale\" content=\"es_ES\" \/>\n<meta property=\"og:type\" content=\"article\" \/>\n<meta property=\"og:title\" content=\"Nuestros Trabajos - safetyfilms.pe\" \/>\n<meta property=\"og:description\" content=\"Si buscas un taller automotriz en Lima que trabaje con calidad, rapidez y garant\u00eda, est\u00e1s en el lugar correcto.Hemos ayudado a muchos clientes a recuperar el estado de sus veh\u00edculos con resultados reales como los que acabas de ver.\" \/>\n<meta property=\"og:url\" content=\"https:\/\/safetyfilms.pe\/?page_id=1813\" \/>\n<meta property=\"og:site_name\" content=\"safetyfilms.pe\" \/>\n<meta property=\"article:publisher\" content=\"https:\/\/www.facebook.com\/Safety.Automotriz\" \/>\n<meta property=\"article:modified_time\" content=\"2026-03-31T01:00:03+00:00\" \/>\n<meta name=\"twitter:card\" content=\"summary_large_image\" \/>\n<meta name=\"twitter:label1\" content=\"Tiempo de lectura\" \/>\n\t<meta name=\"twitter:data1\" content=\"1 minuto\" \/>\n<script type=\"application\/ld+json\" class=\"yoast-schema-graph\">{\"@context\":\"https:\\\/\\\/schema.org\",\"@graph\":[{\"@type\":\"WebPage\",\"@id\":\"https:\\\/\\\/safetyfilms.pe\\\/?page_id=1813\",\"url\":\"https:\\\/\\\/safetyfilms.pe\\\/?page_id=1813\",\"name\":\"Nuestros Trabajos - safetyfilms.pe\",\"isPartOf\":{\"@id\":\"https:\\\/\\\/safetyfilms.pe\\\/#website\"},\"datePublished\":\"2026-03-25T18:46:55+00:00\",\"dateModified\":\"2026-03-31T01:00:03+00:00\",\"breadcrumb\":{\"@id\":\"https:\\\/\\\/safetyfilms.pe\\\/?page_id=1813#breadcrumb\"},\"inLanguage\":\"es\",\"potentialAction\":[{\"@type\":\"ReadAction\",\"target\":[\"https:\\\/\\\/safetyfilms.pe\\\/?page_id=1813\"]}]},{\"@type\":\"BreadcrumbList\",\"@id\":\"https:\\\/\\\/safetyfilms.pe\\\/?page_id=1813#breadcrumb\",\"itemListElement\":[{\"@type\":\"ListItem\",\"position\":1,\"name\":\"Portada\",\"item\":\"https:\\\/\\\/safetyfilms.pe\\\/\"},{\"@type\":\"ListItem\",\"position\":2,\"name\":\"Nuestros Trabajos\"}]},{\"@type\":\"WebSite\",\"@id\":\"https:\\\/\\\/safetyfilms.pe\\\/#website\",\"url\":\"https:\\\/\\\/safetyfilms.pe\\\/\",\"name\":\"safetyfilms.pe\",\"description\":\"Taller automotriz en La Victoria, Lima que ofrece servicios completos de mantenimiento, planchado y pintura, undercoating, diagn\u00f3stico y reparaci\u00f3n con atenci\u00f3n profesional y confiable\",\"publisher\":{\"@id\":\"https:\\\/\\\/safetyfilms.pe\\\/#organization\"},\"potentialAction\":[{\"@type\":\"SearchAction\",\"target\":{\"@type\":\"EntryPoint\",\"urlTemplate\":\"https:\\\/\\\/safetyfilms.pe\\\/?s={search_term_string}\"},\"query-input\":{\"@type\":\"PropertyValueSpecification\",\"valueRequired\":true,\"valueName\":\"search_term_string\"}}],\"inLanguage\":\"es\"},{\"@type\":\"Organization\",\"@id\":\"https:\\\/\\\/safetyfilms.pe\\\/#organization\",\"name\":\"Safety Automotriz\",\"url\":\"https:\\\/\\\/safetyfilms.pe\\\/\",\"logo\":{\"@type\":\"ImageObject\",\"inLanguage\":\"es\",\"@id\":\"https:\\\/\\\/safetyfilms.pe\\\/#\\\/schema\\\/logo\\\/image\\\/\",\"url\":\"https:\\\/\\\/safetyfilms.pe\\\/wp-content\\\/uploads\\\/2026\\\/03\\\/cropped-LOGO-SAFETY.png\",\"contentUrl\":\"https:\\\/\\\/safetyfilms.pe\\\/wp-content\\\/uploads\\\/2026\\\/03\\\/cropped-LOGO-SAFETY.png\",\"width\":1080,\"height\":359,\"caption\":\"Safety Automotriz\"},\"image\":{\"@id\":\"https:\\\/\\\/safetyfilms.pe\\\/#\\\/schema\\\/logo\\\/image\\\/\"},\"sameAs\":[\"https:\\\/\\\/www.facebook.com\\\/Safety.Automotriz\",\"https:\\\/\\\/www.instagram.com\\\/safetyfilms.automotriz\\\/\"]}]}<\/script>\n<!-- \/ Yoast SEO plugin. -->","yoast_head_json":{"title":"Nuestros Trabajos - safetyfilms.pe","robots":{"index":"index","follow":"follow","max-snippet":"max-snippet:-1","max-image-preview":"max-image-preview:large","max-video-preview":"max-video-preview:-1"},"canonical":"https:\/\/safetyfilms.pe\/?page_id=1813","og_locale":"es_ES","og_type":"article","og_title":"Nuestros Trabajos - safetyfilms.pe","og_description":"Si buscas un taller automotriz en Lima que trabaje con calidad, rapidez y garant\u00eda, est\u00e1s en el lugar correcto.Hemos ayudado a muchos clientes a recuperar el estado de sus veh\u00edculos con resultados reales como los que acabas de ver.","og_url":"https:\/\/safetyfilms.pe\/?page_id=1813","og_site_name":"safetyfilms.pe","article_publisher":"https:\/\/www.facebook.com\/Safety.Automotriz","article_modified_time":"2026-03-31T01:00:03+00:00","twitter_card":"summary_large_image","twitter_misc":{"Tiempo de lectura":"1 minuto"},"schema":{"@context":"https:\/\/schema.org","@graph":[{"@type":"WebPage","@id":"https:\/\/safetyfilms.pe\/?page_id=1813","url":"https:\/\/safetyfilms.pe\/?page_id=1813","name":"Nuestros Trabajos - safetyfilms.pe","isPartOf":{"@id":"https:\/\/safetyfilms.pe\/#website"},"datePublished":"2026-03-25T18:46:55+00:00","dateModified":"2026-03-31T01:00:03+00:00","breadcrumb":{"@id":"https:\/\/safetyfilms.pe\/?page_id=1813#breadcrumb"},"inLanguage":"es","potentialAction":[{"@type":"ReadAction","target":["https:\/\/safetyfilms.pe\/?page_id=1813"]}]},{"@type":"BreadcrumbList","@id":"https:\/\/safetyfilms.pe\/?page_id=1813#breadcrumb","itemListElement":[{"@type":"ListItem","position":1,"name":"Portada","item":"https:\/\/safetyfilms.pe\/"},{"@type":"ListItem","position":2,"name":"Nuestros Trabajos"}]},{"@type":"WebSite","@id":"https:\/\/safetyfilms.pe\/#website","url":"https:\/\/safetyfilms.pe\/","name":"safetyfilms.pe","description":"Taller automotriz en La Victoria, Lima que ofrece servicios completos de mantenimiento, planchado y pintura, undercoating, diagn\u00f3stico y reparaci\u00f3n con atenci\u00f3n profesional y confiable","publisher":{"@id":"https:\/\/safetyfilms.pe\/#organization"},"potentialAction":[{"@type":"SearchAction","target":{"@type":"EntryPoint","urlTemplate":"https:\/\/safetyfilms.pe\/?s={search_term_string}"},"query-input":{"@type":"PropertyValueSpecification","valueRequired":true,"valueName":"search_term_string"}}],"inLanguage":"es"},{"@type":"Organization","@id":"https:\/\/safetyfilms.pe\/#organization","name":"Safety Automotriz","url":"https:\/\/safetyfilms.pe\/","logo":{"@type":"ImageObject","inLanguage":"es","@id":"https:\/\/safetyfilms.pe\/#\/schema\/logo\/image\/","url":"https:\/\/safetyfilms.pe\/wp-content\/uploads\/2026\/03\/cropped-LOGO-SAFETY.png","contentUrl":"https:\/\/safetyfilms.pe\/wp-content\/uploads\/2026\/03\/cropped-LOGO-SAFETY.png","width":1080,"height":359,"caption":"Safety Automotriz"},"image":{"@id":"https:\/\/safetyfilms.pe\/#\/schema\/logo\/image\/"},"sameAs":["https:\/\/www.facebook.com\/Safety.Automotriz","https:\/\/www.instagram.com\/safetyfilms.automotriz\/"]}]}},"_hostinger_reach_plugin_has_subscription_block":false,"_hostinger_reach_plugin_is_elementor":false,"uagb_featured_image_src":{"full":false,"thumbnail":false,"medium":false,"medium_large":false,"large":false,"1536x1536":false,"2048x2048":false},"uagb_author_info":{"display_name":"carlos@protecfilms.com","author_link":"https:\/\/safetyfilms.pe\/?author=1"},"uagb_comment_info":0,"uagb_excerpt":"Si buscas un taller automotriz en Lima que trabaje con calidad, rapidez y garant\u00eda, est\u00e1s en el lugar correcto.Hemos ayudado a muchos clientes a recuperar el estado de sus veh\u00edculos con resultados reales como los que acabas de ver.","_links":{"self":[{"href":"https:\/\/safetyfilms.pe\/index.php?rest_route=\/wp\/v2\/pages\/1813","targetHints":{"allow":["GET"]}}],"collection":[{"href":"https:\/\/safetyfilms.pe\/index.php?rest_route=\/wp\/v2\/pages"}],"about":[{"href":"https:\/\/safetyfilms.pe\/index.php?rest_route=\/wp\/v2\/types\/page"}],"author":[{"embeddable":true,"href":"https:\/\/safetyfilms.pe\/index.php?rest_route=\/wp\/v2\/users\/1"}],"replies":[{"embeddable":true,"href":"https:\/\/safetyfilms.pe\/index.php?rest_route=%2Fwp%2Fv2%2Fcomments&post=1813"}],"version-history":[{"count":29,"href":"https:\/\/safetyfilms.pe\/index.php?rest_route=\/wp\/v2\/pages\/1813\/revisions"}],"predecessor-version":[{"id":3317,"href":"https:\/\/safetyfilms.pe\/index.php?rest_route=\/wp\/v2\/pages\/1813\/revisions\/3317"}],"wp:attachment":[{"href":"https:\/\/safetyfilms.pe\/index.php?rest_route=%2Fwp%2Fv2%2Fmedia&parent=1813"}],"curies":[{"name":"wp","href":"https:\/\/api.w.org\/{rel}","templated":true}]}}